{"id":13370,"date":"2024-03-21T20:11:03","date_gmt":"2024-03-21T20:11:03","guid":{"rendered":"https:\/\/tests.apartur.com.ar\/?page_id=13370"},"modified":"2026-04-15T17:57:07","modified_gmt":"2026-04-15T17:57:07","slug":"privacidad","status":"publish","type":"page","link":"https:\/\/tests.apartur.com.ar\/en\/privacidad\/","title":{"rendered":"Privacidad"},"content":{"rendered":"<div data-elementor-type=\"wp-page\" data-elementor-id=\"13370\" class=\"elementor elementor-13370\" data-elementor-post-type=\"page\">\n\t\t\t\t\t\t<section class=\"elementor-section elementor-top-section elementor-element elementor-element-eb35070 elementor-section-boxed elementor-section-height-default elementor-section-height-default\" data-id=\"eb35070\" data-element_type=\"section\" data-e-type=\"section\" data-settings=\"{&quot;background_background&quot;:&quot;classic&quot;}\">\n\t\t\t\t\t\t\t<div class=\"elementor-background-overlay\"><\/div>\n\t\t\t\t\t\t\t<div class=\"elementor-container elementor-column-gap-default\">\n\t\t\t\t\t<div class=\"elementor-column elementor-col-100 elementor-top-column elementor-element elementor-element-8596714\" data-id=\"8596714\" data-element_type=\"column\" data-e-type=\"column\">\n\t\t\t<div class=\"elementor-widget-wrap elementor-element-populated\">\n\t\t\t\t\t\t<section class=\"elementor-section elementor-inner-section elementor-element elementor-element-9076eb8 elementor-section-boxed elementor-section-height-default elementor-section-height-default\" data-id=\"9076eb8\" data-element_type=\"section\" data-e-type=\"section\">\n\t\t\t\t\t\t<div class=\"elementor-container elementor-column-gap-default\">\n\t\t\t\t\t<div class=\"elementor-column elementor-col-100 elementor-inner-column elementor-element elementor-element-a3fd948\" data-id=\"a3fd948\" data-element_type=\"column\" data-e-type=\"column\">\n\t\t\t<div class=\"elementor-widget-wrap elementor-element-populated\">\n\t\t\t\t\t\t<div class=\"elementor-element elementor-element-df0455d elementor-widget elementor-widget-heading\" data-id=\"df0455d\" data-element_type=\"widget\" data-e-type=\"widget\" data-widget_type=\"heading.default\">\n\t\t\t\t<div class=\"elementor-widget-container\">\n\t\t\t\t\t<h2 class=\"elementor-heading-title elementor-size-default\">Privacidad<\/h2>\t\t\t\t<\/div>\n\t\t\t\t<\/div>\n\t\t\t\t\t<\/div>\n\t\t<\/div>\n\t\t\t\t\t<\/div>\n\t\t<\/section>\n\t\t\t\t\t<\/div>\n\t\t<\/div>\n\t\t\t\t\t<\/div>\n\t\t<\/section>\n\t\t\t\t<section class=\"elementor-section elementor-top-section elementor-element elementor-element-01413b1 elementor-section-boxed elementor-section-height-default elementor-section-height-default\" data-id=\"01413b1\" data-element_type=\"section\" data-e-type=\"section\">\n\t\t\t\t\t\t<div class=\"elementor-container elementor-column-gap-default\">\n\t\t\t\t\t<div class=\"elementor-column elementor-col-100 elementor-top-column elementor-element elementor-element-3960749\" data-id=\"3960749\" data-element_type=\"column\" data-e-type=\"column\">\n\t\t\t<div class=\"elementor-widget-wrap elementor-element-populated\">\n\t\t\t\t\t\t<div class=\"elementor-element elementor-element-87e340d elementor-widget elementor-widget-text-editor\" data-id=\"87e340d\" data-element_type=\"widget\" data-e-type=\"widget\" data-widget_type=\"text-editor.default\">\n\t\t\t\t<div class=\"elementor-widget-container\">\n\t\t\t\t\t\t\t\t\t<p class=\"MsoNormal\"><span style=\"border: solid #E3E3E3 1.0pt; mso-border-alt: solid #E3E3E3 .25pt; padding: 0cm; mso-fareast-language: ES-AR;\">Pol\u00edtica de Privacidad<\/span><\/p><p class=\"MsoNormal\">En HBA Hotel &amp; Resorts S.A. nos comprometemos a proteger la privacidad y la seguridad de la informaci\u00f3n personal de nuestros usuarios. Esta Pol\u00edtica de Privacidad describe c\u00f3mo recopilamos, utilizamos y protegemos la informaci\u00f3n que usted nos proporciona al utilizar nuestros servicios y nuestro sitio web.<\/p><p class=\"MsoNormal\"><span style=\"border: solid #E3E3E3 1.0pt; mso-border-alt: solid #E3E3E3 .25pt; padding: 0cm; mso-fareast-language: ES-AR;\">1. Informaci\u00f3n que Recopilamos<\/span><\/p><p class=\"MsoNormal\">Recopilamos varios tipos de informaci\u00f3n cuando usted utiliza nuestros servicios y nuestro sitio web, incluyendo, pero no limitado a:<\/p><p class=\"MsoNormal\">Informaci\u00f3n de contacto, como nombres, direcciones de correo electr\u00f3nico, direcciones postales y n\u00fameros de tel\u00e9fono.<\/p><p class=\"MsoNormal\">Informaci\u00f3n de reserva, incluyendo fechas de llegada y salida, n\u00famero de hu\u00e9spedes y preferencias de alojamiento.<\/p><p class=\"MsoNormal\">Informaci\u00f3n de pago, como n\u00fameros de tarjetas de cr\u00e9dito o d\u00e9bito, para procesar pagos por nuestros servicios.<\/p><p class=\"MsoNormal\">Informaci\u00f3n demogr\u00e1fica, como edad, g\u00e9nero y preferencias de viaje, que nos ayuda a personalizar su experiencia.<\/p><p class=\"MsoNormal\">Informaci\u00f3n t\u00e9cnica, como direcciones IP, tipo de navegador, sistema operativo y registros de actividad en el sitio web.<\/p><p class=\"MsoNormal\"><span style=\"border: solid #E3E3E3 1.0pt; mso-border-alt: solid #E3E3E3 .25pt; padding: 0cm; mso-fareast-language: ES-AR;\">2. Uso de la Informaci\u00f3n<\/span><\/p><p class=\"MsoNormal\">Utilizamos la informaci\u00f3n recopilada para los siguientes prop\u00f3sitos:<\/p><p class=\"MsoNormal\">Procesar y gestionar reservas de alojamiento.<\/p><p class=\"MsoNormal\">Comunicarnos con usted sobre su reserva y proporcionar informaci\u00f3n relevante sobre nuestros servicios.<\/p><p class=\"MsoNormal\">Personalizar su experiencia y ofrecerle contenido y ofertas que puedan ser de su inter\u00e9s.<\/p><p class=\"MsoNormal\">Mejorar nuestros servicios y nuestro sitio web mediante an\u00e1lisis y estudios de mercado.<\/p><p class=\"MsoNormal\">Cumplir con nuestras obligaciones legales y proteger nuestros derechos y propiedad.<\/p><p class=\"MsoNormal\"><span style=\"border: solid #E3E3E3 1.0pt; mso-border-alt: solid #E3E3E3 .25pt; padding: 0cm; mso-fareast-language: ES-AR;\">3. Divulgaci\u00f3n de la Informaci\u00f3n<\/span><\/p><p class=\"MsoNormal\">No vendemos, alquilamos ni compartimos su informaci\u00f3n personal con terceros, excepto en las siguientes circunstancias:<\/p><p class=\"MsoNormal\">Con proveedores de servicios de confianza que nos ayudan a operar nuestro negocio y brindarle nuestros servicios, como procesadores de pagos y proveedores de alojamiento.<\/p><p class=\"MsoNormal\">Cuando sea necesario para cumplir con la ley, responder a solicitudes legales o proteger nuestros derechos y propiedad.<\/p><p class=\"MsoNormal\">Con su consentimiento expl\u00edcito o seg\u00fan lo permitido por ley.<\/p><p class=\"MsoNormal\"><span style=\"border: solid #E3E3E3 1.0pt; mso-border-alt: solid #E3E3E3 .25pt; padding: 0cm; mso-fareast-language: ES-AR;\">4. Cookies y Tecnolog\u00edas Similares<\/span><\/p><p class=\"MsoNormal\">Utilizamos cookies y tecnolog\u00edas similares para mejorar la funcionalidad de nuestro sitio web y personalizar su experiencia. Puede ajustar la configuraci\u00f3n de su navegador para rechazar cookies, pero esto puede afectar la funcionalidad de ciertas partes de nuestro sitio.<\/p><p class=\"MsoNormal\"><span style=\"border: solid #E3E3E3 1.0pt; mso-border-alt: solid #E3E3E3 .25pt; padding: 0cm; mso-fareast-language: ES-AR;\">5. Seguridad de la Informaci\u00f3n<\/span><\/p><p class=\"MsoNormal\">Implementamos medidas de seguridad para proteger su informaci\u00f3n personal contra accesos no autorizados, uso indebido o divulgaci\u00f3n. Sin embargo, tenga en cuenta que ninguna medida de seguridad es completamente impenetrable y que no podemos garantizar la seguridad absoluta de su informaci\u00f3n.<\/p><p class=\"MsoNormal\"><span style=\"border: solid #E3E3E3 1.0pt; mso-border-alt: solid #E3E3E3 .25pt; padding: 0cm; mso-fareast-language: ES-AR;\">6. Sus Derechos<\/span><\/p><p class=\"MsoNormal\">Usted tiene ciertos derechos en relaci\u00f3n con su informaci\u00f3n personal, incluyendo el derecho de acceder, corregir, eliminar y restringir el procesamiento de sus datos. Tambi\u00e9n puede optar por no recibir comunicaciones de marketing en cualquier momento.<\/p><p class=\"MsoNormal\"><span style=\"border: solid #E3E3E3 1.0pt; mso-border-alt: solid #E3E3E3 .25pt; padding: 0cm; mso-fareast-language: ES-AR;\">7. Cambios en esta Pol\u00edtica<\/span><\/p><p class=\"MsoNormal\">Nos reservamos el derecho de actualizar esta Pol\u00edtica de Privacidad en cualquier momento. Se le notificar\u00e1 sobre los cambios significativos mediante una notificaci\u00f3n en nuestro sitio web o por otros medios adecuados. El uso continuado de nuestros servicios despu\u00e9s de dichos cambios constituir\u00e1 su aceptaci\u00f3n de los mismos.<\/p><p class=\"MsoNormal\"><span style=\"border: solid #E3E3E3 1.0pt; mso-border-alt: solid #E3E3E3 .25pt; padding: 0cm; mso-fareast-language: ES-AR;\">8. Contacto<\/span><\/p><p class=\"MsoNormal\">Si tiene alguna pregunta o inquietud sobre nuestra Pol\u00edtica de Privacidad o nuestras pr\u00e1cticas de privacidad, no dude en ponerse en contacto con nosotros a trav\u00e9s de info@apartur.com.ar o llam\u00e1ndonos al +54 9 11 7700 3392<\/p><p>\u00a0<\/p><p class=\"MsoNormal\">\u00daltima actualizaci\u00f3n: 21\/03\/2024<\/p>\t\t\t\t\t\t\t\t<\/div>\n\t\t\t\t<\/div>\n\t\t\t\t<div class=\"elementor-element elementor-element-0c14aac elementor-align-center elementor-mobile-align-center elementor-tablet-align-right elementor-widget elementor-widget-button\" data-id=\"0c14aac\" data-element_type=\"widget\" data-e-type=\"widget\" data-widget_type=\"button.default\">\n\t\t\t\t<div class=\"elementor-widget-container\">\n\t\t\t\t\t\t\t\t\t<div class=\"elementor-button-wrapper\">\n\t\t\t\t\t<a class=\"elementor-button elementor-button-link elementor-size-sm elementor-animation-grow\" href=\"https:\/\/tests.apartur.com.ar\/en\">\n\t\t\t\t\t\t<span class=\"elementor-button-content-wrapper\">\n\t\t\t\t\t\t\t\t\t<span class=\"elementor-button-text\">Volver al Inicio<\/span>\n\t\t\t\t\t<\/span>\n\t\t\t\t\t<\/a>\n\t\t\t\t<\/div>\n\t\t\t\t\t\t\t\t<\/div>\n\t\t\t\t<\/div>\n\t\t\t\t\t<\/div>\n\t\t<\/div>\n\t\t\t\t\t<\/div>\n\t\t<\/section>\n\t\t\t\t<section class=\"elementor-section elementor-top-section elementor-element elementor-element-153f6f4 elementor-section-boxed elementor-section-height-default elementor-section-height-default\" data-id=\"153f6f4\" data-element_type=\"section\" data-e-type=\"section\">\n\t\t\t\t\t\t<div class=\"elementor-container elementor-column-gap-default\">\n\t\t\t\t\t<div class=\"elementor-column elementor-col-100 elementor-top-column elementor-element elementor-element-9fc4add\" data-id=\"9fc4add\" data-element_type=\"column\" data-e-type=\"column\">\n\t\t\t<div class=\"elementor-widget-wrap elementor-element-populated\">\n\t\t\t\t\t\t<div class=\"elementor-element elementor-element-3436d24 elementor-widget elementor-widget-spacer\" data-id=\"3436d24\" data-element_type=\"widget\" data-e-type=\"widget\" data-widget_type=\"spacer.default\">\n\t\t\t\t<div class=\"elementor-widget-container\">\n\t\t\t\t\t\t\t<div class=\"elementor-spacer\">\n\t\t\t<div class=\"elementor-spacer-inner\"><\/div>\n\t\t<\/div>\n\t\t\t\t\t\t<\/div>\n\t\t\t\t<\/div>\n\t\t\t\t\t<\/div>\n\t\t<\/div>\n\t\t\t\t\t<\/div>\n\t\t<\/section>\n\t\t\t\t<\/div>","protected":false},"excerpt":{"rendered":"<p>Privacidad Pol\u00edtica de Privacidad En HBA Hotel &amp; Resorts S.A. nos comprometemos a proteger la privacidad y la seguridad de la informaci\u00f3n personal de nuestros usuarios. Esta Pol\u00edtica de Privacidad describe c\u00f3mo recopilamos, utilizamos y protegemos la informaci\u00f3n que usted nos proporciona al utilizar nuestros servicios y nuestro sitio web. 1. Informaci\u00f3n que Recopilamos Recopilamos [&hellip;]<\/p>\n","protected":false},"author":4,"featured_media":0,"parent":0,"menu_order":0,"comment_status":"closed","ping_status":"closed","template":"elementor_theme","meta":{"footnotes":""},"class_list":["post-13370","page","type-page","status-publish","hentry"],"_links":{"self":[{"href":"https:\/\/tests.apartur.com.ar\/en\/wp-json\/wp\/v2\/pages\/13370","targetHints":{"allow":["GET"]}}],"collection":[{"href":"https:\/\/tests.apartur.com.ar\/en\/wp-json\/wp\/v2\/pages"}],"about":[{"href":"https:\/\/tests.apartur.com.ar\/en\/wp-json\/wp\/v2\/types\/page"}],"author":[{"embeddable":true,"href":"https:\/\/tests.apartur.com.ar\/en\/wp-json\/wp\/v2\/users\/4"}],"replies":[{"embeddable":true,"href":"https:\/\/tests.apartur.com.ar\/en\/wp-json\/wp\/v2\/comments?post=13370"}],"version-history":[{"count":55,"href":"https:\/\/tests.apartur.com.ar\/en\/wp-json\/wp\/v2\/pages\/13370\/revisions"}],"predecessor-version":[{"id":17214,"href":"https:\/\/tests.apartur.com.ar\/en\/wp-json\/wp\/v2\/pages\/13370\/revisions\/17214"}],"wp:attachment":[{"href":"https:\/\/tests.apartur.com.ar\/en\/wp-json\/wp\/v2\/media?parent=13370"}],"curies":[{"name":"wp","href":"https:\/\/api.w.org\/{rel}","templated":true}]}}